{"id":128,"date":"2023-02-22T14:53:53","date_gmt":"2023-02-22T11:53:53","guid":{"rendered":"https:\/\/demo.cmssuperheroes.com\/themeforest\/chemlabs\/?page_id=128"},"modified":"2023-12-25T22:30:07","modified_gmt":"2023-12-25T19:30:07","slug":"iletisim","status":"publish","type":"page","link":"https:\/\/www.enesgrup.com\/en\/iletisim\/","title":{"rendered":"\u0130LET\u0130\u015e\u0130M"},"content":{"rendered":"\t\t<div data-elementor-type=\"wp-page\" data-elementor-id=\"128\" class=\"elementor elementor-128\" data-elementor-post-type=\"page\">\n\t\t\t\t        <div class=\"elementor-section elementor-top-section elementor-element elementor-element-f2e291d elementor-section-full_width elementor-section-height-default elementor-section-height-default cms-remove-row-no cms-section-no-padding-no cms-full-content-with-space-none cms-boxed-bg-false cms-section-boxed-divider-false cms-overlay-gradient-bg-yes cms-overlay-gradient-mode-tb\" data-id=\"f2e291d\" data-element_type=\"section\" data-e-type=\"section\" data-settings=\"{&quot;shape_divider_bottom&quot;:&quot;curve&quot;}\">\n\t\t        <div class=\"elementor-shape elementor-shape-bottom\" data-negative=\"false\">\n\t\t\t<svg xmlns=\"http:\/\/www.w3.org\/2000\/svg\" viewBox=\"0 0 1000 100\" preserveAspectRatio=\"none\">\n    <path class=\"elementor-shape-fill\" d=\"M1000,4.3V0H0v4.3C0.9,23.1,126.7,99.2,500,100S1000,22.7,1000,4.3z\"\/>\n<\/svg>        <\/div>\n\t\t\n\t\t<div class=\"cms-overlay-gradient\"><\/div><div class=\"cms-section-boxed-bg\"><\/div><div class=\"cms-section-boxed-divider\"><\/div><div class=\"cms-elementor-section-remove\"><\/div><div class=\"cms-elementor-section-corner cms-elementor-section-corner-top\"><\/div><div class=\"cms-elementor-section-corner cms-elementor-section-corner-bottom\"><\/div>        <div class=\"elementor-container elementor-column-gap-no \" >\n\t\t            <div class=\"elementor-row\">\n\t\t        <div class=\"elementor-column elementor-col-100 elementor-top-column elementor-element elementor-element-33ce858\" data-id=\"33ce858\" data-element_type=\"column\" data-e-type=\"column\">\n        <div class=\"elementor-column-wrap elementor-element-populated\">\n                            <div class=\"elementor-widget-wrap\">\n                \t\t<div class=\"elementor-element elementor-element-1cf1904 cms-maps-layout-1 cms-accordion cms-accordion-layout-1 elementor-widget elementor-widget-cms_map\" data-id=\"1cf1904\" data-element_type=\"widget\" data-e-type=\"widget\" data-widget_type=\"cms_map.default\">\n\t\t\t\t<div class=\"elementor-widget-container\">\n\t\t\t\t\t<div class=\"cms-map-wrapper relative cms-map-height d-flex align-items-center mapstart\">\r\n            <iframe frameborder=\"0\" scrolling=\"no\" marginheight=\"0\" marginwidth=\"0\"\r\n            src=\"https:\/\/maps.google.com\/maps?q=Ata%C5%9Fehir%2C%C4%B0stanbul&#038;t=m&#038;z=14&#038;output=embed&#038;iwloc=near\"\r\n            title=\"Ata\u015fehir,\u0130stanbul\"\r\n            aria-label=\"Ata\u015fehir,\u0130stanbul\"\r\n            class=\"cms-map-iframe cms-map-height absolute w-100\"\r\n        ><\/iframe>    \r\n        <div class=\"container relative z-top\">\r\n        <a href=\"https:\/\/maps.google.com\/maps?q=Ata%C5%9Fehir%2C%C4%B0stanbul&#038;t=m&#038;z=14&#038;iwloc=near\" target=\"_self\" class=\"cms-overlay\"><\/a>\r\n        <div id=\"cms_map-1cf1904\" class=\"cms-accordion cms-shadow-1 bg-white cms-radius-10 overflow-hidden relative z-top\">\r\n                            <div class=\"cms-heading text-white text-20 bg-primary p-lr-40 p-tb-33 cms-radius-10\">\r\n                    ENES GRUP                <\/div>\r\n                                                <div class=\"cms-accordion-item cms-transition active\" data-target=\"#400d7aa\">\r\n                        <div class=\"cms-ac-title text-heading row gutters-20 justify-content-between\">\r\n                            <span class=\"cms-ac-title-icon col-auto order-last\">\r\n                                                                    <i class=\"cms-ac-title--icon cms-ac-title-icon-close cmsi-plus rtl-flip Array\"><\/i>\r\n                                    <i class=\"cms-ac-title--icon cms-ac-title-icon-open cmsi-minus rtl-flip Array\"><\/i>\r\n                                                            <\/span>\r\n                            <a class=\"cms-ac-title-text text-primary text-17 font-700 col\">Genel M\u00fcd\u00fcrl\u00fck<\/a>\r\n                        <\/div>\r\n                        <div id=\"400d7aa\" class=\"cms-ac-content\" style=\"display:block;\"><b>Telefon :<\/b> <a href=\"tel:+905495913637\">+905495913637<\/a><br \/>\n                                        <b>E-posta :<\/b>  <a href=\"mailto:info@enesgrup.com\">info@enesgrup.com<\/a><br \/>\n                                       <b> Adres : <\/b> Ata\u015fehir\/\u0130stanbul\/T\u00dcRK\u0130YE<br \/>\n                                        <b>\u00c7al\u0131\u015fma Saatleri : <\/b>  Pzt-Cts: 09:00 \u2013 18:00<\/div>\r\n                    <\/div>\r\n                                    <div class=\"cms-accordion-item cms-transition \" data-target=\"#25590cd\">\r\n                        <div class=\"cms-ac-title text-heading row gutters-20 justify-content-between\">\r\n                            <span class=\"cms-ac-title-icon col-auto order-last\">\r\n                                                                    <i class=\"cms-ac-title--icon cms-ac-title-icon-close cmsi-plus rtl-flip Array\"><\/i>\r\n                                    <i class=\"cms-ac-title--icon cms-ac-title-icon-open cmsi-minus rtl-flip Array\"><\/i>\r\n                                                            <\/span>\r\n                            <a class=\"cms-ac-title-text text-primary text-17 font-700 col\">Fabrika<\/a>\r\n                        <\/div>\r\n                        <div id=\"25590cd\" class=\"cms-ac-content\"><b>Telefon :<\/b> <a href=\"tel:+905495913637\">+905495913637<\/a><br \/>\n                                        <b>E-posta :<\/b>  <a href=\"mailto:info@enesgrup.com\">info@enesgrup.com<\/a><br \/>\n                                       <b> Adres : <\/b> Tepecik Mah. Bilge Atata\u015f Cad. No:49  Dilovas\u0131\/Kocaeli\/T\u00dcRK\u0130YE<br \/>\n                                        <b>\u00c7al\u0131\u015fma Saatleri : <\/b>  Pzt-Cts: 09:00 \u2013 18:00<\/div>\r\n                    <\/div>\r\n                        <\/div>\r\n    <\/div>\r\n<\/div>\t\t\t\t<\/div>\n\t\t\t\t<\/div>\n\t\t            <\/div>\n                <\/div>\n        <\/div>\n        \t\t            <\/div>\n\t\t        <\/div>\n        <\/div>\n\t\t        <div class=\"elementor-section elementor-top-section elementor-element elementor-element-49614b4 p-tb-20 pt-lg-70 pb-lg-110 elementor-section-boxed elementor-section-height-default elementor-section-height-default cms-remove-row-no cms-section-no-padding-no cms-boxed-bg-false cms-section-boxed-divider-false cms-overlay-gradient-bg-yes cms-overlay-gradient-mode-tb\" data-id=\"49614b4\" data-element_type=\"section\" data-e-type=\"section\">\n\t\t\n\t\t<div class=\"cms-overlay-gradient\"><\/div><div class=\"cms-section-boxed-bg\"><\/div><div class=\"cms-section-boxed-divider\"><\/div><div class=\"cms-elementor-section-remove\"><\/div><div class=\"cms-elementor-section-corner cms-elementor-section-corner-top\"><\/div><div class=\"cms-elementor-section-corner cms-elementor-section-corner-bottom\"><\/div>        <div class=\"elementor-container elementor-column-gap-default \" >\n\t\t            <div class=\"elementor-row\">\n\t\t        <div class=\"elementor-column elementor-col-100 elementor-top-column elementor-element elementor-element-3570711\" data-id=\"3570711\" data-element_type=\"column\" data-e-type=\"column\">\n        <div class=\"elementor-column-wrap elementor-element-populated\">\n                            <div class=\"elementor-widget-wrap\">\n                \t\t<div class=\"elementor-element elementor-element-ddd6574 cms-cf7-layout-2 cms-form-textarea-height-Array cms-form-field-height-Array elementor-widget elementor-widget-cms_ctf7\" data-id=\"ddd6574\" data-element_type=\"widget\" data-e-type=\"widget\" data-widget_type=\"cms_ctf7.default\">\n\t\t\t\t<div class=\"elementor-widget-container\">\n\t\t\t\t\t<div class=\"d-flex justify-content-start text-start\">\r\n                <div class=\"cms-posts-heading w-100 pb-45\">\r\n                        <div class=\"cms-smallheading mt-n5 text-16 font-700 pb-10  text-accent empty-none\">T\u00fcm \u0130htiya\u00e7lar\u0131n\u0131z \u0130\u00e7in Bize Hemen Ula\u015fabilirsiniz<\/div>\r\n    <div class=\"extra-space clearfix\"> <\/div>\r\n    <h2 class=\"cms-mainheading cms-heading mt-n5 text-24 text-md-37 text-lg-40 lh-1\/454  text-heading empty-none\">\u0130LET\u0130\u015e\u0130M FORMU<\/h2>\r\n    <div class=\"extra-space clearfix\"> <\/div>\r\n    <div class=\"cms-desc mt-n5 text-16 pt-15  text-body empty-none\"> <\/div>\r\n    <div class=\"extra-space clearfix\"> <\/div>\r\n                <\/div><\/div>\r\n            <div class=\"cms-cf7 relative cms-shadow-\">\r\n    <div class=\"cms-cf7-inner row gutters-grid \">\r\n        <div class=\"cms-banner col-lg-4\">\r\n            <div class=\"cms-cf7-banner-inner pr-xl-70\">\r\n                    <h4 class=\"cms-form-heading cms-heading mt-n5 mb-35 text-24  text-heading empty-none\"> <\/h4>\r\n    <div class=\"extra-space clearfix\"> <\/div>\r\n    <div class=\"cms-form-desc text-17 mb-25 mt-n5  text-body empty-none\"><br> <br> \n<b> GENEL M\u00dcD\u00dcRL\u00dcK<\/b>\n<br> <br> \n<b>Telefon :<\/b> <a href=\"tel:+905495913637\">+905495913637<\/a>\n                                   <br> <br>     <b>E-posta :<\/b>  <a href=\"mailto:info@enesgrup.com\">info@enesgrup.com<\/a>\n                                     <br>  <br> <b> Adres : <\/b> Ata\u015fehir\/\u0130stanbul\/T\u00dcRK\u0130YE\n                                    <br>    <br> <b>\u00c7al\u0131\u015fma Saatleri : <\/b>  Pzt-Cts: 09:00 \u2013 18:00\n\n<br><br><br><br>\n<b> FABR\u0130KA <\/b>\n<br> <br> \n<b>Telefon :<\/b> <a href=\"tel:+905495913637\">+905495913637<\/a>\n                                   <br> <br>     <b>E-posta :<\/b>  <a href=\"mailto:info@enesgrup.com\">info@enesgrup.com<\/a>\n                                     <br>  <br> <b> Adres : <\/b> Tepecik Mah. Bilge Atata\u015f Cad. No:49  Dilovas\u0131\/Kocaeli\/T\u00dcRK\u0130YE\n                                    <br>    <br> <b>\u00c7al\u0131\u015fma Saatleri : <\/b>  Pzt-Cts: 09:00 \u2013 18:00<\/div>\r\n    <div class=\"extra-space clearfix\"> <\/div>\r\n        <div class=\"cms-btn-wraps  text-\" >\r\n                <a href=\"https:\/\/www.enesgrup.com\/en\/iletisim\/\" class=\"btn btn-fill btn-transparent text-white btn-hover-fill btn-hover-transparent text-hover-white btn-lg\">\r\n                <span class=\"cms-btn-content cms-btn-content- justify-content-center\">\r\n                                    <\/span>\r\n            <\/a>\r\n                <\/div>\r\n                <\/div>\r\n        <\/div>\r\n        <div class=\"col-lg-8\">\n<div class=\"wpcf7 no-js\" id=\"wpcf7-f3295-o1\" lang=\"en-US\" dir=\"ltr\" data-wpcf7-id=\"3295\">\n<div class=\"screen-reader-response\"><p role=\"status\" aria-live=\"polite\" aria-atomic=\"true\"><\/p> <ul><\/ul><\/div>\n<form action=\"\/en\/wp-json\/wp\/v2\/pages\/128#wpcf7-f3295-o1\" method=\"post\" class=\"wpcf7-form init\" aria-label=\"Contact form\" novalidate=\"novalidate\" data-status=\"init\">\n<fieldset class=\"hidden-fields-container\"><input type=\"hidden\" name=\"_wpcf7\" value=\"3295\" \/><input type=\"hidden\" name=\"_wpcf7_version\" value=\"6.1.5\" \/><input type=\"hidden\" name=\"_wpcf7_locale\" value=\"en_US\" \/><input type=\"hidden\" name=\"_wpcf7_unit_tag\" value=\"wpcf7-f3295-o1\" \/><input type=\"hidden\" name=\"_wpcf7_container_post\" value=\"0\" \/><input type=\"hidden\" name=\"_wpcf7_posted_data_hash\" value=\"\" \/>\n<\/fieldset>\n<div class=\"row gutters-30 gutters-grid\">\n\t<div class=\"col-lg-4\">\n\t\t<p><span class=\"wpcf7-form-control-wrap\" data-name=\"your-name\"><input size=\"40\" maxlength=\"400\" class=\"wpcf7-form-control wpcf7-text wpcf7-validates-as-required\" aria-required=\"true\" aria-invalid=\"false\" placeholder=\"Ad-Soyad\" value=\"\" type=\"text\" name=\"your-name\" \/><\/span>\n\t\t<\/p>\n\t<\/div>\n\t<div class=\"col-lg-4\">\n\t\t<p><span class=\"wpcf7-form-control-wrap\" data-name=\"your-email\"><input size=\"40\" maxlength=\"400\" class=\"wpcf7-form-control wpcf7-email wpcf7-validates-as-required wpcf7-text wpcf7-validates-as-email\" aria-required=\"true\" aria-invalid=\"false\" placeholder=\"E-posta\" value=\"\" type=\"email\" name=\"your-email\" \/><\/span>\n\t\t<\/p>\n\t<\/div>\n\t<div class=\"col-lg-4\">\n\t\t<p><span class=\"wpcf7-form-control-wrap\" data-name=\"phone\"><input size=\"40\" maxlength=\"400\" class=\"wpcf7-form-control wpcf7-tel wpcf7-validates-as-required wpcf7-text wpcf7-validates-as-tel\" aria-required=\"true\" aria-invalid=\"false\" placeholder=\"Telefon\" value=\"\" type=\"tel\" name=\"phone\" \/><\/span>\n\t\t<\/p>\n\t<\/div>\n\t<div class=\"col-12\">\n\t\t<p><span class=\"wpcf7-form-control-wrap\" data-name=\"your-subject\"><input size=\"40\" maxlength=\"400\" class=\"wpcf7-form-control wpcf7-text wpcf7-validates-as-required\" aria-required=\"true\" aria-invalid=\"false\" placeholder=\"Konu\" value=\"\" type=\"text\" name=\"your-subject\" \/><\/span>\n\t\t<\/p>\n\t<\/div>\n\t<div class=\"col-12\">\n\t\t<p><span class=\"wpcf7-form-control-wrap\" data-name=\"your-message\"><textarea cols=\"40\" rows=\"10\" maxlength=\"2000\" class=\"wpcf7-form-control wpcf7-textarea\" aria-invalid=\"false\" placeholder=\"Mesaj\" name=\"your-message\"><\/textarea><\/span>\n\t\t<\/p>\n\t<\/div>\n\t<p>[cf7sr-recaptcha size=\"compact\" theme=\"dark\"]\n\t<\/p>\n\t<div class=\"col-12 mt-10\">\n\t\t<p><div class=\"cms-submit\"><button class=\"wpcf7-form-control wpcf7-submit btn btn-fill btn-accent text-white btn-hover-primary text-hover-white btn-lg w-100\" type=\"submit\"><span class=\"cms-btn-content justify-content-center\"><span class=\"wpcf7-submit-icon cms-btn-icon cmsi-arrow-right\"><\/span><span class=\"cms-btn-text\">G\u00f6nder<\/span><\/span><\/button><\/div>\n\t\t<\/p>\n\t<\/div>\n<\/div><div class=\"wpcf7-response-output\" aria-hidden=\"true\"><\/div>\n<\/form>\n<\/div>\n<\/div>\r\n            <\/div>\r\n<\/div>\t\t\t\t<\/div>\n\t\t\t\t<\/div>\n\t\t            <\/div>\n                <\/div>\n        <\/div>\n        \t\t            <\/div>\n\t\t        <\/div>\n        <\/div>\n\t\t        <div class=\"elementor-section elementor-top-section elementor-element elementor-element-aebe87f bg-darken-secondary pt-110 pb-90 elementor-section-boxed elementor-section-height-default elementor-section-height-default cms-remove-row-no cms-section-no-padding-no cms-boxed-bg-false cms-section-boxed-divider-false cms-overlay-gradient-bg-yes cms-overlay-gradient-mode-tb\" data-id=\"aebe87f\" data-element_type=\"section\" data-e-type=\"section\" data-settings=\"{&quot;background_background&quot;:&quot;classic&quot;}\">\n\t\t            <div class=\"elementor-background-overlay\"><\/div>\n\t\t\n\t\t<div class=\"cms-overlay-gradient\"><\/div><div class=\"cms-section-boxed-bg\"><\/div><div class=\"cms-section-boxed-divider\"><\/div><div class=\"cms-elementor-section-remove\"><\/div><div class=\"cms-elementor-section-corner cms-elementor-section-corner-top\"><\/div><div class=\"cms-elementor-section-corner cms-elementor-section-corner-bottom\"><\/div>        <div class=\"elementor-container elementor-column-gap-default \" >\n\t\t            <div class=\"elementor-row\">\n\t\t        <div class=\"elementor-column elementor-col-20 elementor-top-column elementor-element elementor-element-b6ff9e8\" data-id=\"b6ff9e8\" data-element_type=\"column\" data-e-type=\"column\">\n        <div class=\"elementor-column-wrap elementor-element-populated\">\n                            <div class=\"elementor-widget-wrap\">\n                \t\t<div class=\"elementor-element elementor-element-db7b838 cms-images cms-images-layout-1 elementor-widget elementor-widget-cms_images\" data-id=\"db7b838\" data-element_type=\"widget\" data-e-type=\"widget\" data-widget_type=\"cms_images.default\">\n\t\t\t\t<div class=\"elementor-widget-container\">\n\t\t\t\t\t<div class=\"cms-images-wrap text-\">\r\n        <img fetchpriority=\"high\" decoding=\"async\" width=\"2156\" height=\"706\" src=\"https:\/\/www.enesgrup.com\/wp-content\/uploads\/2023\/03\/enes-grup-logo-enson-footer-beyaz.png\" class=\"cms-single-img cms-img\" alt=\"\" srcset=\"https:\/\/www.enesgrup.com\/wp-content\/uploads\/2023\/03\/enes-grup-logo-enson-footer-beyaz.png 2156w, https:\/\/www.enesgrup.com\/wp-content\/uploads\/2023\/03\/enes-grup-logo-enson-footer-beyaz-1536x503.png 1536w, https:\/\/www.enesgrup.com\/wp-content\/uploads\/2023\/03\/enes-grup-logo-enson-footer-beyaz-2048x671.png 2048w\" sizes=\"(max-width: 2156px) 100vw, 2156px\" \/><\/div>\t\t\t\t<\/div>\n\t\t\t\t<\/div>\n\t\t            <\/div>\n                <\/div>\n        <\/div>\n                <div class=\"elementor-column elementor-col-20 elementor-top-column elementor-element elementor-element-246d649\" data-id=\"246d649\" data-element_type=\"column\" data-e-type=\"column\">\n        <div class=\"elementor-column-wrap\">\n                            <div class=\"elementor-widget-wrap\">\n                            <\/div>\n                <\/div>\n        <\/div>\n                <div class=\"elementor-column elementor-col-20 elementor-top-column elementor-element elementor-element-c8c6086\" data-id=\"c8c6086\" data-element_type=\"column\" data-e-type=\"column\">\n        <div class=\"elementor-column-wrap elementor-element-populated\">\n                            <div class=\"elementor-widget-wrap\">\n                \t\t<div class=\"elementor-element elementor-element-92c5e2f cms-menu-layout-1 elementor-widget elementor-widget-cms_menu\" data-id=\"92c5e2f\" data-element_type=\"widget\" data-e-type=\"widget\" data-widget_type=\"cms_menu.default\">\n\t\t\t\t<div class=\"elementor-widget-container\">\n\t\t\t\t\t<div class=\"cms-menu-wraps relative\">\n\t    <h4 class=\"cms-largeheading cms-heading mt-n5 mb-25 text-17  text-white empty-none\"><a class=\"menu-heading\" href=\"\">Men\u00fc<\/a><\/h4>\r\n    <div class=\"extra-space clearfix\"> <\/div>\r\n<div class=\"menu-footer-menu-container\"><ul id=\"menu-footer-menu\" class=\"cms-menu cms-menu-vert text-\"><li id=\"menu-item-4994\" class=\"menu-item menu-item-type-post_type menu-item-object-page menu-item-home menu-item-4994\"><a href=\"https:\/\/www.enesgrup.com\/en\/\" class=\"cms-menu-link link-white link-hover-accent bg-transparent bg-hover-transparent\"><span class=\"menu-title title\">ANASAYFA<\/span><\/a><\/li>\n<li id=\"menu-item-4995\" class=\"menu-item menu-item-type-post_type menu-item-object-page menu-item-4995\"><a href=\"https:\/\/www.enesgrup.com\/en\/kurumsal\/\" class=\"cms-menu-link link-white link-hover-accent bg-transparent bg-hover-transparent\"><span class=\"menu-title title\">KURUMSAL<\/span><\/a><\/li>\n<li id=\"menu-item-4997\" class=\"menu-item menu-item-type-post_type menu-item-object-page menu-item-4997\"><a href=\"https:\/\/www.enesgrup.com\/en\/ambalaj\/\" class=\"cms-menu-link link-white link-hover-accent bg-transparent bg-hover-transparent\"><span class=\"menu-title title\">AMBALAJ<\/span><\/a><\/li>\n<li id=\"menu-item-5001\" class=\"menu-item menu-item-type-post_type menu-item-object-page menu-item-5001\"><a href=\"https:\/\/www.enesgrup.com\/en\/cam-sise-ve-kavanoz-grubu\/\" class=\"cms-menu-link link-white link-hover-accent bg-transparent bg-hover-transparent\"><span class=\"menu-title title\">CAM \u015e\u0130\u015eE VE KAVANOZ GRUBU<\/span><\/a><\/li>\n<li id=\"menu-item-5000\" class=\"menu-item menu-item-type-post_type menu-item-object-page menu-item-5000\"><a href=\"https:\/\/www.enesgrup.com\/en\/kopuk-yapicilar-ve-pompa-grubu\/\" class=\"cms-menu-link link-white link-hover-accent bg-transparent bg-hover-transparent\"><span class=\"menu-title title\">K\u00d6P\u00dcK YAPICILAR VE POMPA GRUBU<\/span><\/a><\/li>\n<li id=\"menu-item-4999\" class=\"menu-item menu-item-type-post_type menu-item-object-page menu-item-4999\"><a href=\"https:\/\/www.enesgrup.com\/en\/tetik-sprey\/\" class=\"cms-menu-link link-white link-hover-accent bg-transparent bg-hover-transparent\"><span class=\"menu-title title\">TET\u0130K SPREY<\/span><\/a><\/li>\n<li id=\"menu-item-5002\" class=\"menu-item menu-item-type-post_type menu-item-object-page menu-item-5002\"><a href=\"https:\/\/www.enesgrup.com\/en\/bidon-ve-endustriyel-grubu\/\" class=\"cms-menu-link link-white link-hover-accent bg-transparent bg-hover-transparent\"><span class=\"menu-title title\">B\u0130DON VE END\u00dcSTR\u0130YEL GRUBU<\/span><\/a><\/li>\n<li id=\"menu-item-4998\" class=\"menu-item menu-item-type-post_type menu-item-object-page menu-item-4998\"><a href=\"https:\/\/www.enesgrup.com\/en\/esans-ve-esansiyel-yaglar\/\" class=\"cms-menu-link link-white link-hover-accent bg-transparent bg-hover-transparent\"><span class=\"menu-title title\">ESANS VE ESANS\u0130YEL YA\u011eLAR<\/span><\/a><\/li>\n<li id=\"menu-item-4996\" class=\"menu-item menu-item-type-post_type menu-item-object-page menu-item-4996\"><a href=\"https:\/\/www.enesgrup.com\/en\/iletisim\/\" class=\"cms-menu-link link-white link-hover-accent bg-transparent bg-hover-transparent\"><span class=\"menu-title title\">\u0130LET\u0130\u015e\u0130M<\/span><\/a><\/li>\n<\/ul><\/div><\/div>\t\t\t\t<\/div>\n\t\t\t\t<\/div>\n\t\t            <\/div>\n                <\/div>\n        <\/div>\n                <div class=\"elementor-column elementor-col-20 elementor-top-column elementor-element elementor-element-24b6fef\" data-id=\"24b6fef\" data-element_type=\"column\" data-e-type=\"column\">\n        <div class=\"elementor-column-wrap\">\n                            <div class=\"elementor-widget-wrap\">\n                            <\/div>\n                <\/div>\n        <\/div>\n                <div class=\"elementor-column elementor-col-20 elementor-top-column elementor-element elementor-element-dcdbf91\" data-id=\"dcdbf91\" data-element_type=\"column\" data-e-type=\"column\">\n        <div class=\"elementor-column-wrap elementor-element-populated\">\n                            <div class=\"elementor-widget-wrap\">\n                \t\t<div class=\"elementor-element elementor-element-a5a11a1 cms-quick-contact-layout-2 elementor-widget elementor-widget-cms_quickcontact\" data-id=\"a5a11a1\" data-element_type=\"widget\" data-e-type=\"widget\" data-widget_type=\"cms_quickcontact.default\">\n\t\t\t\t<div class=\"elementor-widget-container\">\n\t\t\t\t\t<div class=\"cms-qc-wrap text-start text-body\">\n\t<div class=\"cms-qc-inner\">\n\t\t    <h4 class=\"cms-mainheading cms-heading text-17 mt-n5 mb-30  text-white empty-none\">Adres & \u0130leti\u015fim<\/h4>\r\n    <div class=\"extra-space clearfix\"> <\/div>\r\n    <div class=\"cms-desc text-14 mb-30  text-white empty-none\">Ata\u015fehir\/\u0130stanbul\/T\u00dcRK\u0130YE<\/div>\r\n    <div class=\"extra-space clearfix\"> <\/div>\r\n\t\t<div class=\"cms-qc-lists row gutters-20 gutters-grid\">\n\t\t\t\t\t<div class=\"cms-qc-list elementor-repeater-item-b107f77 col-12\">\n\t        \t<div class=\"qc-line-1 empty-none\">\t\t        \t\t<div class=\"cms-contact-title pb-10 text-14 text-white\">E-Posta :<\/div>\n\t\t        \t\t\t        \t\t<div class=\"cms-contact-text text-ellipsis cms-heading text-17 text-accent\">\n\t\t\t        \t\t \n\t\t\t        \t\t\t<a class=\"cms-contact-link link-accent link-hover-white\" href=\"mailto:info@enesgrup.com\">         <span aria-hidden=\"true\" class=\"cms-icon text-accent text-16 pr-10 cmsi cmsi-email\" style=\"\"><\/span>        info@enesgrup.com<\/a>\t\t\t        \t<\/div>\n\t\t\t    \t<\/div>\n\t        \t<div class=\"qc-line-2 empty-none\"><\/div>\n\t\t    <\/div>      \n\t\t\t\t\t<div class=\"cms-qc-list elementor-repeater-item-f85bca0 col-12\">\n\t        \t<div class=\"qc-line-1 empty-none\">\t\t        \t\t<div class=\"cms-contact-title pb-10 text-14 text-white\">Telefon :<\/div>\n\t\t        \t\t\t        \t\t<div class=\"cms-contact-text text-ellipsis cms-heading text-17 text-accent\">\n\t\t\t        \t\t \n\t\t\t        \t\t\t<a class=\"cms-contact-link link-accent link-hover-white\" href=\"tel:05495913637\">         <span aria-hidden=\"true\" class=\"cms-icon text-accent text-16 pr-10 cmsi cmsi-phone-alt\" style=\"\"><\/span>        0549 591 36 37<\/a>\t\t\t        \t<\/div>\n\t\t\t    \t<\/div>\n\t        \t<div class=\"qc-line-2 empty-none\"><\/div>\n\t\t    <\/div>      \n\t\t\t\t<\/div>\n\t\t<div class=\"qc-maps pt-20\"><\/div>\n\t<\/div>\n<\/div>\t\t\t\t<\/div>\n\t\t\t\t<\/div>\n\t\t            <\/div>\n                <\/div>\n        <\/div>\n        \t\t            <\/div>\n\t\t        <\/div>\n        <\/div>\n\t\t\t\t<\/div>\n\t\t","protected":false},"excerpt":{"rendered":"<p>ENES GRUP Genel M\u00fcd\u00fcrl\u00fck Telefon : +905495913637 E-posta : info@enesgrup.com Adres : Ata\u015fehir\/\u0130stanbul\/T\u00dcRK\u0130YE \u00c7al\u0131\u015fma Saatleri : Pzt-Cts: 09:00 \u2013 18:00 Fabrika Telefon : +905495913637 E-posta : info@enesgrup.com Adres : Tepecik Mah. Bilge Atata\u015f Cad. No:49 Dilovas\u0131\/Kocaeli\/T\u00dcRK\u0130YE \u00c7al\u0131\u015fma Saatleri : Pzt-Cts: 09:00 \u2013 18:00 T\u00fcm \u0130htiya\u00e7lar\u0131n\u0131z \u0130\u00e7in Bize Hemen Ula\u015fabilirsiniz \u0130LET\u0130\u015e\u0130M FORMU GENEL M\u00dcD\u00dcRL\u00dcK Telefon : +905495913637 E-posta : info@enesgrup.com Adres : Ata\u015fehir\/\u0130stanbul\/T\u00dcRK\u0130YE \u00c7al\u0131\u015fma Saatleri : Pzt-Cts: 09:00 \u2013 18:00 FABR\u0130KA Telefon : +905495913637 E-posta : info@enesgrup.com Adres : Tepecik Mah. Bilge Atata\u015f Cad. No:49 Dilovas\u0131\/Kocaeli\/T\u00dcRK\u0130YE \u00c7al\u0131\u015fma Saatleri : Pzt-Cts: 09:00 \u2013 18:00 G\u00f6nder Men\u00fc ANASAYFA KURUMSAL AMBALAJ CAM \u015e\u0130\u015eE VE KAVANOZ GRUBU K\u00d6P\u00dcK YAPICILAR VE POMPA GRUBU TET\u0130K SPREY VE TRIGER B\u0130DON VE END\u00dcSTR\u0130YEL GRUBU ESANSLAR \u0130LET\u0130\u015e\u0130M Adres &#038; \u0130leti\u015fim Ata\u015fehir\/\u0130stanbul\/T\u00dcRK\u0130YE E-Posta : info@enesgrup.com Telefon : 0549 591 36 37<\/p>","protected":false},"author":1,"featured_media":0,"parent":0,"menu_order":6,"comment_status":"closed","ping_status":"closed","template":"","meta":{"footnotes":""},"class_list":["post-128","page","type-page","status-publish","hentry","cms-no-post-thumbnail"],"_links":{"self":[{"href":"https:\/\/www.enesgrup.com\/en\/wp-json\/wp\/v2\/pages\/128","targetHints":{"allow":["GET"]}}],"collection":[{"href":"https:\/\/www.enesgrup.com\/en\/wp-json\/wp\/v2\/pages"}],"about":[{"href":"https:\/\/www.enesgrup.com\/en\/wp-json\/wp\/v2\/types\/page"}],"author":[{"embeddable":true,"href":"https:\/\/www.enesgrup.com\/en\/wp-json\/wp\/v2\/users\/1"}],"replies":[{"embeddable":true,"href":"https:\/\/www.enesgrup.com\/en\/wp-json\/wp\/v2\/comments?post=128"}],"version-history":[{"count":17,"href":"https:\/\/www.enesgrup.com\/en\/wp-json\/wp\/v2\/pages\/128\/revisions"}],"predecessor-version":[{"id":5023,"href":"https:\/\/www.enesgrup.com\/en\/wp-json\/wp\/v2\/pages\/128\/revisions\/5023"}],"wp:attachment":[{"href":"https:\/\/www.enesgrup.com\/en\/wp-json\/wp\/v2\/media?parent=128"}],"curies":[{"name":"wp","href":"https:\/\/api.w.org\/{rel}","templated":true}]}}